{"id":1298,"date":"2025-11-24T19:24:45","date_gmt":"2025-11-24T19:24:45","guid":{"rendered":"https:\/\/shop.grandhotelvilnius.com\/?post_type=product&#038;p=1298"},"modified":"2026-03-27T09:43:07","modified_gmt":"2026-03-27T09:43:07","slug":"overnight-stay-for-two-in-a-deluxe-room-with-breakfast-and-late-check-out-lt","status":"publish","type":"product","link":"https:\/\/shop.grandhotelvilnius.com\/lt\/shop\/overnight-stay-for-two-in-a-deluxe-room-with-breakfast-and-late-check-out-lt\/","title":{"rendered":"Nakvyn\u0117 dviems \u201eDeluxe\u201c kambaryje su pusry\u010diais ir v\u0117lyvu i\u0161vykimu"},"content":{"rendered":"","protected":false},"excerpt":{"rendered":"<p data-start=\"253\" data-end=\"648\">Padovanokite l\u0117t\u0105 poilsio patirt\u012f. Ypatinga dovana \u2013 nakvyn\u0117 \u201eDeluxe\u201c kategorijos kambaryje dviem su neribotu apsilankymu SPA zonoje. Rytas prasid\u0117s gurmani\u0161kais pusry\u010diais, o v\u0117lyvas i\u0161vykimas leis m\u0117gautis akimirkomis be skub\u0117jimo.<\/p>\n<p data-start=\"253\" data-end=\"648\">Idealus pasirinkimas sau ar artimiesiems, kai norisi atsipalaiduoti, pab\u0117gti nuo rutinos ir romanti\u0161kai praleisti laik\u0105. Dovana, kuri kuria prisiminimus. \u2728<\/p>","protected":false},"featured_media":1865,"comment_status":"open","ping_status":"closed","template":"","meta":{"_acf_changed":false,"_gspb_post_css":"","_kad_blocks_custom_css":"","_kad_blocks_head_custom_js":"","_kad_blocks_body_custom_js":"","_kad_blocks_footer_custom_js":""},"product_brand":[],"product_cat":[19],"product_tag":[],"class_list":{"0":"post-1298","1":"product","2":"type-product","3":"status-publish","4":"has-post-thumbnail","6":"product_cat-vouchers-lt","7":"wcpa_has_options","9":"first","10":"instock","11":"purchasable","12":"product-type-variable"},"acf":[],"taxonomy_info":{"product_cat":[{"value":19,"label":"Vouchers LT"}]},"featured_image_src_large":["https:\/\/shop.grandhotelvilnius.com\/wp-content\/uploads\/2025\/11\/Curio-Hilton-Vilnius-50-Lifestyle-683x1024.jpg",683,1024,true],"author_info":[],"comment_info":0,"_links":{"self":[{"href":"https:\/\/shop.grandhotelvilnius.com\/lt\/wp-json\/wp\/v2\/product\/1298","targetHints":{"allow":["GET"]}}],"collection":[{"href":"https:\/\/shop.grandhotelvilnius.com\/lt\/wp-json\/wp\/v2\/product"}],"about":[{"href":"https:\/\/shop.grandhotelvilnius.com\/lt\/wp-json\/wp\/v2\/types\/product"}],"replies":[{"embeddable":true,"href":"https:\/\/shop.grandhotelvilnius.com\/lt\/wp-json\/wp\/v2\/comments?post=1298"}],"wp:featuredmedia":[{"embeddable":true,"href":"https:\/\/shop.grandhotelvilnius.com\/lt\/wp-json\/wp\/v2\/media\/1865"}],"wp:attachment":[{"href":"https:\/\/shop.grandhotelvilnius.com\/lt\/wp-json\/wp\/v2\/media?parent=1298"}],"wp:term":[{"taxonomy":"product_brand","embeddable":true,"href":"https:\/\/shop.grandhotelvilnius.com\/lt\/wp-json\/wp\/v2\/product_brand?post=1298"},{"taxonomy":"product_cat","embeddable":true,"href":"https:\/\/shop.grandhotelvilnius.com\/lt\/wp-json\/wp\/v2\/product_cat?post=1298"},{"taxonomy":"product_tag","embeddable":true,"href":"https:\/\/shop.grandhotelvilnius.com\/lt\/wp-json\/wp\/v2\/product_tag?post=1298"}],"curies":[{"name":"wp","href":"https:\/\/api.w.org\/{rel}","templated":true}]}}