{"id":1700,"date":"2026-01-29T12:30:50","date_gmt":"2026-01-29T12:30:50","guid":{"rendered":"https:\/\/shop.grandhotelvilnius.com\/?post_type=product&#038;p=1700"},"modified":"2026-02-24T09:19:03","modified_gmt":"2026-02-24T09:19:03","slug":"ghv-meskiukas-lt","status":"publish","type":"product","link":"https:\/\/shop.grandhotelvilnius.com\/lt\/shop\/ghv-meskiukas-lt\/","title":{"rendered":"GHV me\u0161kiukas"},"content":{"rendered":"<p>Mink\u0161tas, jaukus ir i\u0161skirtinai ikoni\u0161kas.<br aria-hidden=\"true\" \/>GHV me\u0161kiukas \u2013 tai ne tik suvenyras, bet ir jausmas, kur\u012f parsine\u0161i su savimi.Sukurtas \u0161velnioms akimirkoms ir brangiems prisiminimams, \u0161is pliu\u0161inis draugas atspindi \u201eGrand Hotel Vilnius\u201d \u0161ilum\u0105, komfort\u0105 ir charakter\u012f. Puiki dovana ar mielas prisiminimas apie vie\u0161nag\u0119 \u2013 simbolizuojantis r\u016bpest\u012f, jaukum\u0105 ir tikr\u0105 svetingum\u0105.Tinka ma\u017eiems nuotyki\u0173 ie\u0161kotojams, dizaino myl\u0117tojams ir visiems, kurie tiki, kad jaukumas turi b\u016bti asmeni\u0161kas.* Itin mink\u0161tas ir malonus liesti<br aria-hidden=\"true\" \/>* \u017davus \u201eGrand Hotel Vilnius\u201d simbolis<br aria-hidden=\"true\" \/>* Puiki dovana ar kolekcinis suvenyras<br aria-hidden=\"true\" \/>* Sukurtas d\u017eiuginti, raminti ir kurti prisiminimus<\/p>","protected":false},"excerpt":{"rendered":"<p>Mink\u0161tas, jaukus ir i\u0161skirtinai ikoni\u0161kas.GHV me\u0161kiukas \u2013 tai ne tik suvenyras, bet ir jausmas, kur\u012f parsine\u0161i su savimi.Sukurtas \u0161velnioms akimirkoms ir brangiems prisiminimams, \u0161is pliu\u0161inis draugas atspindi \u201eGrand Hotel Vilnius\u201d \u0161ilum\u0105, komfort\u0105 ir charakter\u012f. Puiki dovana ar mielas prisiminimas apie vie\u0161nag\u0119 \u2013 simbolizuojantis r\u016bpest\u012f, jaukum\u0105 ir tikr\u0105 svetingum\u0105.Tinka ma\u017eiems nuotyki\u0173 ie\u0161kotojams, dizaino myl\u0117tojams ir visiems, [&hellip;]<\/p>\n","protected":false},"featured_media":1704,"comment_status":"open","ping_status":"closed","template":"","meta":{"_acf_changed":false,"_gspb_post_css":"","_kad_blocks_custom_css":"","_kad_blocks_head_custom_js":"","_kad_blocks_body_custom_js":"","_kad_blocks_footer_custom_js":""},"product_brand":[],"product_cat":[20],"product_tag":[],"class_list":{"0":"post-1700","1":"product","2":"type-product","3":"status-publish","4":"has-post-thumbnail","6":"product_cat-products-lt","8":"first","9":"instock","10":"taxable","11":"shipping-taxable","12":"purchasable","13":"product-type-simple"},"acf":[],"taxonomy_info":{"product_cat":[{"value":20,"label":"Products LT"}]},"featured_image_src_large":["https:\/\/shop.grandhotelvilnius.com\/wp-content\/uploads\/2026\/01\/Foto-8-1024x683.jpg",1024,683,true],"author_info":[],"comment_info":0,"_links":{"self":[{"href":"https:\/\/shop.grandhotelvilnius.com\/lt\/wp-json\/wp\/v2\/product\/1700","targetHints":{"allow":["GET"]}}],"collection":[{"href":"https:\/\/shop.grandhotelvilnius.com\/lt\/wp-json\/wp\/v2\/product"}],"about":[{"href":"https:\/\/shop.grandhotelvilnius.com\/lt\/wp-json\/wp\/v2\/types\/product"}],"replies":[{"embeddable":true,"href":"https:\/\/shop.grandhotelvilnius.com\/lt\/wp-json\/wp\/v2\/comments?post=1700"}],"wp:featuredmedia":[{"embeddable":true,"href":"https:\/\/shop.grandhotelvilnius.com\/lt\/wp-json\/wp\/v2\/media\/1704"}],"wp:attachment":[{"href":"https:\/\/shop.grandhotelvilnius.com\/lt\/wp-json\/wp\/v2\/media?parent=1700"}],"wp:term":[{"taxonomy":"product_brand","embeddable":true,"href":"https:\/\/shop.grandhotelvilnius.com\/lt\/wp-json\/wp\/v2\/product_brand?post=1700"},{"taxonomy":"product_cat","embeddable":true,"href":"https:\/\/shop.grandhotelvilnius.com\/lt\/wp-json\/wp\/v2\/product_cat?post=1700"},{"taxonomy":"product_tag","embeddable":true,"href":"https:\/\/shop.grandhotelvilnius.com\/lt\/wp-json\/wp\/v2\/product_tag?post=1700"}],"curies":[{"name":"wp","href":"https:\/\/api.w.org\/{rel}","templated":true}]}}