{"id":665,"date":"2025-10-10T08:35:59","date_gmt":"2025-10-10T08:35:59","guid":{"rendered":"https:\/\/internetiniusvetainiukurimas.eu\/hotelshop\/?post_type=product&#038;p=665"},"modified":"2026-02-12T06:28:05","modified_gmt":"2026-02-12T06:28:05","slug":"day-spa-lt","status":"publish","type":"product","link":"https:\/\/shop.grandhotelvilnius.com\/lt\/shop\/day-spa-lt\/","title":{"rendered":"Dienos SPA"},"content":{"rendered":"","protected":false},"excerpt":{"rendered":"<div class=\"inc-product-info-headline-text\">\n<div class=\"product-info-desc\">\n<div class=\"inc-content-container\">\n<p>Padovanokite prasmingo laiko dovan\u0105. Pasiduokite \u0161ilumai, t\u0117kmei ir giliam atsipalaidavimui \u2013 vieni, su mylimu \u017emogumi ar dalindamiesi akimirkomis su \u0161eima ir draugais. \u0160i 3 valand\u0173 SPA patirtis apima apsilankym\u0105 saunoje, baseino erdv\u0117je ir treniruokli\u0173 sal\u0117je.<\/p>\n<p>Kad poilsis b\u016bt\u0173 dar patogesnis, suteikiame asmenin\u0119 spintel\u0119, chalatus, rank\u0161luos\u010dius ir \u0161lepetes.Tai apgalvota dovana \u2013 ramyb\u0117s, sustojimo ir tikro gerb\u016bvio akimirka.<\/p>\n<\/div>\n<\/div>\n<\/div>","protected":false},"featured_media":390,"comment_status":"open","ping_status":"closed","template":"","meta":{"_acf_changed":false,"_gspb_post_css":"","_kad_blocks_custom_css":"","_kad_blocks_head_custom_js":"","_kad_blocks_body_custom_js":"","_kad_blocks_footer_custom_js":""},"product_brand":[],"product_cat":[19],"product_tag":[],"class_list":{"0":"post-665","1":"product","2":"type-product","3":"status-publish","4":"has-post-thumbnail","6":"product_cat-vouchers-lt","7":"wcpa_has_options","9":"first","10":"instock","11":"purchasable","12":"product-type-variable"},"acf":[],"taxonomy_info":{"product_cat":[{"value":19,"label":"Vouchers LT"}]},"featured_image_src_large":["https:\/\/shop.grandhotelvilnius.com\/wp-content\/uploads\/2025\/09\/Foto-14-2-1-683x1024.jpg",683,1024,true],"author_info":[],"comment_info":0,"_links":{"self":[{"href":"https:\/\/shop.grandhotelvilnius.com\/lt\/wp-json\/wp\/v2\/product\/665","targetHints":{"allow":["GET"]}}],"collection":[{"href":"https:\/\/shop.grandhotelvilnius.com\/lt\/wp-json\/wp\/v2\/product"}],"about":[{"href":"https:\/\/shop.grandhotelvilnius.com\/lt\/wp-json\/wp\/v2\/types\/product"}],"replies":[{"embeddable":true,"href":"https:\/\/shop.grandhotelvilnius.com\/lt\/wp-json\/wp\/v2\/comments?post=665"}],"wp:featuredmedia":[{"embeddable":true,"href":"https:\/\/shop.grandhotelvilnius.com\/lt\/wp-json\/wp\/v2\/media\/390"}],"wp:attachment":[{"href":"https:\/\/shop.grandhotelvilnius.com\/lt\/wp-json\/wp\/v2\/media?parent=665"}],"wp:term":[{"taxonomy":"product_brand","embeddable":true,"href":"https:\/\/shop.grandhotelvilnius.com\/lt\/wp-json\/wp\/v2\/product_brand?post=665"},{"taxonomy":"product_cat","embeddable":true,"href":"https:\/\/shop.grandhotelvilnius.com\/lt\/wp-json\/wp\/v2\/product_cat?post=665"},{"taxonomy":"product_tag","embeddable":true,"href":"https:\/\/shop.grandhotelvilnius.com\/lt\/wp-json\/wp\/v2\/product_tag?post=665"}],"curies":[{"name":"wp","href":"https:\/\/api.w.org\/{rel}","templated":true}]}}