{"id":669,"date":"2025-10-10T08:36:12","date_gmt":"2025-10-10T08:36:12","guid":{"rendered":"https:\/\/internetiniusvetainiukurimas.eu\/hotelshop\/?post_type=product&#038;p=669"},"modified":"2025-11-20T12:10:20","modified_gmt":"2025-11-20T12:10:20","slug":"vertes-kuponas-lt","status":"publish","type":"product","link":"https:\/\/shop.grandhotelvilnius.com\/lt\/shop\/vertes-kuponas-lt\/","title":{"rendered":"Vert\u0117s Dovan\u0173 Kuponas"},"content":{"rendered":"","protected":false},"excerpt":{"rendered":"<div class=\"inc-product-info-headline-text\">\n<div class=\"product-info-desc\">\n<div class=\"inc-content-container\">Nesvarbu, kokia proga \u2013 m\u016bs\u0173 vie\u0161bu\u010dio vert\u0117s dovan\u0173 kuponas prad\u017eiugins net ir i\u0161rankiausius. J\u012f galima panaudoti visoms vie\u0161bu\u010dio paslaugoms \u2013 nuo nakvyn\u0117s ir restorano iki SPA ritual\u0173 bei poilsio akimirk\u0173.<\/div>\n<\/div>\n<\/div>\n<div class=\"inc-product-voucher-personalize inc-content-container\">\n<div class=\"inc-product-voucher-personalize-area\">\n<div class=\"cell-package customer-area personalize\">\n<div id=\"giftvoucher\" class=\"inc-product-voucher-image personalize\" data-loading-text=\"Loading \u2026\">\n<div class=\"product-info-voucher-preview\"><\/div>\n<\/div>\n<\/div>\n<\/div>\n<\/div>","protected":false},"featured_media":745,"comment_status":"open","ping_status":"closed","template":"","meta":{"_acf_changed":false,"_gspb_post_css":"","_kad_blocks_custom_css":"","_kad_blocks_head_custom_js":"","_kad_blocks_body_custom_js":"","_kad_blocks_footer_custom_js":""},"product_brand":[],"product_cat":[19],"product_tag":[],"class_list":{"0":"post-669","1":"product","2":"type-product","3":"status-publish","4":"has-post-thumbnail","6":"product_cat-vouchers-lt","7":"wcpa_has_options","9":"first","10":"instock","11":"purchasable","12":"product-type-variable"},"acf":[],"taxonomy_info":{"product_cat":[{"value":19,"label":"Vouchers LT"}]},"featured_image_src_large":["https:\/\/shop.grandhotelvilnius.com\/wp-content\/uploads\/2025\/10\/Copy-of-_DEV2440-1024x683.jpg",1024,683,true],"author_info":[],"comment_info":0,"_links":{"self":[{"href":"https:\/\/shop.grandhotelvilnius.com\/lt\/wp-json\/wp\/v2\/product\/669","targetHints":{"allow":["GET"]}}],"collection":[{"href":"https:\/\/shop.grandhotelvilnius.com\/lt\/wp-json\/wp\/v2\/product"}],"about":[{"href":"https:\/\/shop.grandhotelvilnius.com\/lt\/wp-json\/wp\/v2\/types\/product"}],"replies":[{"embeddable":true,"href":"https:\/\/shop.grandhotelvilnius.com\/lt\/wp-json\/wp\/v2\/comments?post=669"}],"wp:featuredmedia":[{"embeddable":true,"href":"https:\/\/shop.grandhotelvilnius.com\/lt\/wp-json\/wp\/v2\/media\/745"}],"wp:attachment":[{"href":"https:\/\/shop.grandhotelvilnius.com\/lt\/wp-json\/wp\/v2\/media?parent=669"}],"wp:term":[{"taxonomy":"product_brand","embeddable":true,"href":"https:\/\/shop.grandhotelvilnius.com\/lt\/wp-json\/wp\/v2\/product_brand?post=669"},{"taxonomy":"product_cat","embeddable":true,"href":"https:\/\/shop.grandhotelvilnius.com\/lt\/wp-json\/wp\/v2\/product_cat?post=669"},{"taxonomy":"product_tag","embeddable":true,"href":"https:\/\/shop.grandhotelvilnius.com\/lt\/wp-json\/wp\/v2\/product_tag?post=669"}],"curies":[{"name":"wp","href":"https:\/\/api.w.org\/{rel}","templated":true}]}}