{"id":676,"date":"2025-10-10T08:37:02","date_gmt":"2025-10-10T08:37:02","guid":{"rendered":"https:\/\/internetiniusvetainiukurimas.eu\/hotelshop\/?post_type=product&#038;p=676"},"modified":"2026-01-15T13:35:38","modified_gmt":"2026-01-15T13:35:38","slug":"afternoon-tea-lt","status":"publish","type":"product","link":"https:\/\/shop.grandhotelvilnius.com\/lt\/shop\/afternoon-tea-lt\/","title":{"rendered":"Popiet\u0117s arbatos ritualas"},"content":{"rendered":"","protected":false},"excerpt":{"rendered":"<div class=\"inc-product-info-headline-text\">\n<div class=\"product-info-desc\">\n<div class=\"inc-content-container\">\n<div>Padovanokite\u00a0prabang\u0173 privat\u0173 Popiet\u0117s Arbatos ritual\u0105 \u201eGrand Hotel Vilnius\u201c vestibiulyje. Dovanos gav\u0117jas m\u0117gausis \u0161vie\u017eiai paruo\u0161tais vieno k\u0105snio u\u017ekand\u017eiais, ypatingais \u201eScones\u201c pyrag\u0117liais su grietin\u0117l\u0117s kremu ir uogiene, k\u0105 tik i\u0161keptais desertais, auk\u0161\u010diausios r\u016b\u0161ies arbata ir taure \u0161ampano. Padovanokite \u2013 ir leiskite jiems patirti tai, kas i\u0161 ties\u0173 ikoni\u0161ka.<\/div>\n<div><\/div>\n<\/div>\n<\/div>\n<\/div>\n<div class=\"inc-product-voucher-personalize inc-content-container\">\n<div class=\"inc-product-voucher-personalize-area\">\n<div class=\"cell-package customer-area personalize\">\n<div class=\"product-info-voucher-preview\"><\/div>\n<\/div>\n<\/div>\n<\/div>","protected":false},"featured_media":154,"comment_status":"open","ping_status":"closed","template":"","meta":{"_acf_changed":false,"_gspb_post_css":"","_kad_blocks_custom_css":"","_kad_blocks_head_custom_js":"","_kad_blocks_body_custom_js":"","_kad_blocks_footer_custom_js":""},"product_brand":[],"product_cat":[19],"product_tag":[],"class_list":{"0":"post-676","1":"product","2":"type-product","3":"status-publish","4":"has-post-thumbnail","6":"product_cat-vouchers-lt","7":"wcpa_has_options","9":"first","10":"instock","11":"purchasable","12":"product-type-variable"},"acf":[],"taxonomy_info":{"product_cat":[{"value":19,"label":"Vouchers LT"}]},"featured_image_src_large":["https:\/\/shop.grandhotelvilnius.com\/wp-content\/uploads\/2025\/08\/GH-VILNIUS-00154-1024x681.webp",1024,681,true],"author_info":[],"comment_info":0,"_links":{"self":[{"href":"https:\/\/shop.grandhotelvilnius.com\/lt\/wp-json\/wp\/v2\/product\/676","targetHints":{"allow":["GET"]}}],"collection":[{"href":"https:\/\/shop.grandhotelvilnius.com\/lt\/wp-json\/wp\/v2\/product"}],"about":[{"href":"https:\/\/shop.grandhotelvilnius.com\/lt\/wp-json\/wp\/v2\/types\/product"}],"replies":[{"embeddable":true,"href":"https:\/\/shop.grandhotelvilnius.com\/lt\/wp-json\/wp\/v2\/comments?post=676"}],"wp:featuredmedia":[{"embeddable":true,"href":"https:\/\/shop.grandhotelvilnius.com\/lt\/wp-json\/wp\/v2\/media\/154"}],"wp:attachment":[{"href":"https:\/\/shop.grandhotelvilnius.com\/lt\/wp-json\/wp\/v2\/media?parent=676"}],"wp:term":[{"taxonomy":"product_brand","embeddable":true,"href":"https:\/\/shop.grandhotelvilnius.com\/lt\/wp-json\/wp\/v2\/product_brand?post=676"},{"taxonomy":"product_cat","embeddable":true,"href":"https:\/\/shop.grandhotelvilnius.com\/lt\/wp-json\/wp\/v2\/product_cat?post=676"},{"taxonomy":"product_tag","embeddable":true,"href":"https:\/\/shop.grandhotelvilnius.com\/lt\/wp-json\/wp\/v2\/product_tag?post=676"}],"curies":[{"name":"wp","href":"https:\/\/api.w.org\/{rel}","templated":true}]}}