{"id":679,"date":"2025-10-10T08:37:19","date_gmt":"2025-10-10T08:37:19","guid":{"rendered":"https:\/\/internetiniusvetainiukurimas.eu\/hotelshop\/?post_type=product&#038;p=679"},"modified":"2025-11-21T20:06:38","modified_gmt":"2025-11-21T20:06:38","slug":"santal-tonka-fragrance-grand-hotel-vilnius-by-cereria-molla-1899-lt","status":"publish","type":"product","link":"https:\/\/shop.grandhotelvilnius.com\/lt\/shop\/santal-tonka-fragrance-grand-hotel-vilnius-by-cereria-molla-1899-lt\/","title":{"rendered":"Kvapas \u201eSantal &#038; Tonka\u201c \u2013 Grand Hotel Vilnius by Cereria Molla 1899"},"content":{"rendered":"","protected":false},"excerpt":{"rendered":"<p>Nam\u0173 kvapas \u201eSantal &amp; Tonka\u201c \u2013 vardinis aromatas, sukurtas i\u0161skirtinai \u201eGrand Hotel Vilnius\u201c.<br \/>\nTai paslaptinga ir rafinuota kelion\u0117, \u017eadinanti poj\u016b\u010dius. Kedro medienos aliejus, \u0161velnios tonkos pupel\u0117s ir kardamono natos pakyl\u0117ja siel\u0105, o gilus aromatas \u0161velniai apgaubia erdv\u0119 \u0161iluma ir jaukumu. \u0160is kvapas pripildo namus harmonijos, subtilios prabangos ir ramyb\u0117s poj\u016b\u010diu \u2013 tikra vizitin\u0117 m\u016bs\u0173 vie\u0161bu\u010dio patirties dalis.<\/p>\n<p><em>Grand Hotel Vilnius by Cereria Molla 1899 <\/em><\/p>\n<p><em>100 ml kvap\u0173 difuzorius su lazdel\u0117mis <\/em><\/p>","protected":false},"featured_media":124,"comment_status":"open","ping_status":"closed","template":"","meta":{"_acf_changed":false,"_gspb_post_css":"","_kad_blocks_custom_css":"","_kad_blocks_head_custom_js":"","_kad_blocks_body_custom_js":"","_kad_blocks_footer_custom_js":""},"product_brand":[],"product_cat":[20],"product_tag":[],"class_list":{"0":"post-679","1":"product","2":"type-product","3":"status-publish","4":"has-post-thumbnail","6":"product_cat-products-lt","8":"first","9":"instock","10":"purchasable","11":"product-type-simple"},"acf":[],"taxonomy_info":{"product_cat":[{"value":20,"label":"Products LT"}]},"featured_image_src_large":["https:\/\/shop.grandhotelvilnius.com\/wp-content\/uploads\/2025\/08\/image00001-683x1024.webp",683,1024,true],"author_info":[],"comment_info":1,"_links":{"self":[{"href":"https:\/\/shop.grandhotelvilnius.com\/lt\/wp-json\/wp\/v2\/product\/679","targetHints":{"allow":["GET"]}}],"collection":[{"href":"https:\/\/shop.grandhotelvilnius.com\/lt\/wp-json\/wp\/v2\/product"}],"about":[{"href":"https:\/\/shop.grandhotelvilnius.com\/lt\/wp-json\/wp\/v2\/types\/product"}],"replies":[{"embeddable":true,"href":"https:\/\/shop.grandhotelvilnius.com\/lt\/wp-json\/wp\/v2\/comments?post=679"}],"wp:featuredmedia":[{"embeddable":true,"href":"https:\/\/shop.grandhotelvilnius.com\/lt\/wp-json\/wp\/v2\/media\/124"}],"wp:attachment":[{"href":"https:\/\/shop.grandhotelvilnius.com\/lt\/wp-json\/wp\/v2\/media?parent=679"}],"wp:term":[{"taxonomy":"product_brand","embeddable":true,"href":"https:\/\/shop.grandhotelvilnius.com\/lt\/wp-json\/wp\/v2\/product_brand?post=679"},{"taxonomy":"product_cat","embeddable":true,"href":"https:\/\/shop.grandhotelvilnius.com\/lt\/wp-json\/wp\/v2\/product_cat?post=679"},{"taxonomy":"product_tag","embeddable":true,"href":"https:\/\/shop.grandhotelvilnius.com\/lt\/wp-json\/wp\/v2\/product_tag?post=679"}],"curies":[{"name":"wp","href":"https:\/\/api.w.org\/{rel}","templated":true}]}}