{"id":807,"date":"2025-10-27T14:43:08","date_gmt":"2025-10-27T14:43:08","guid":{"rendered":"https:\/\/internetiniusvetainiukurimas.eu\/hotelshop\/?post_type=product&#038;p=807"},"modified":"2026-03-27T09:37:41","modified_gmt":"2026-03-27T09:37:41","slug":"gastronominiu-potyriu-dovanu-kuponas-lt","status":"publish","type":"product","link":"https:\/\/shop.grandhotelvilnius.com\/lt\/shop\/gastronominiu-potyriu-dovanu-kuponas-lt\/","title":{"rendered":"Gastronomini\u0173 potyri\u0173 dovan\u0173 kuponas"},"content":{"rendered":"","protected":false},"excerpt":{"rendered":"<p>Padovanokite nepamir\u0161tam\u0105 gurmani\u0161k\u0105 patirt\u012f.<\/p>\n<p>\u0160is kuponas kvie\u010dia m\u0117gautis i\u0161skirtiniais skoniais MICHELIN Guide \u012fvertintame restorane \u201eTelegrafas\u201c, rafinuotoje \u201eDukes Lounge &amp; Bar\u201c atmosferoje ar jaukiame \u201eLe Caf\u00e9\u201c.<\/p>\n<p>Puikus pasirinkimas kiekvienai progai \u2013 nuo ypatingos vakarien\u0117s iki ramaus popiet\u0117s pasim\u0117gavimo.<br \/>\nDovana, kuri dovanoja \u012fsp\u016bd\u017eius, skonius ir akimirkas.<\/p>","protected":false},"featured_media":1864,"comment_status":"open","ping_status":"closed","template":"","meta":{"_acf_changed":false,"_gspb_post_css":"","_kad_blocks_custom_css":"","_kad_blocks_head_custom_js":"","_kad_blocks_body_custom_js":"","_kad_blocks_footer_custom_js":""},"product_brand":[],"product_cat":[19],"product_tag":[],"class_list":{"0":"post-807","1":"product","2":"type-product","3":"status-publish","4":"has-post-thumbnail","6":"product_cat-vouchers-lt","7":"wcpa_has_options","9":"first","10":"instock","11":"purchasable","12":"product-type-variable"},"acf":[],"taxonomy_info":{"product_cat":[{"value":19,"label":"Vouchers LT"}]},"featured_image_src_large":["https:\/\/shop.grandhotelvilnius.com\/wp-content\/uploads\/2025\/10\/20260310_025-683x1024.jpeg",683,1024,true],"author_info":[],"comment_info":0,"_links":{"self":[{"href":"https:\/\/shop.grandhotelvilnius.com\/lt\/wp-json\/wp\/v2\/product\/807","targetHints":{"allow":["GET"]}}],"collection":[{"href":"https:\/\/shop.grandhotelvilnius.com\/lt\/wp-json\/wp\/v2\/product"}],"about":[{"href":"https:\/\/shop.grandhotelvilnius.com\/lt\/wp-json\/wp\/v2\/types\/product"}],"replies":[{"embeddable":true,"href":"https:\/\/shop.grandhotelvilnius.com\/lt\/wp-json\/wp\/v2\/comments?post=807"}],"wp:featuredmedia":[{"embeddable":true,"href":"https:\/\/shop.grandhotelvilnius.com\/lt\/wp-json\/wp\/v2\/media\/1864"}],"wp:attachment":[{"href":"https:\/\/shop.grandhotelvilnius.com\/lt\/wp-json\/wp\/v2\/media?parent=807"}],"wp:term":[{"taxonomy":"product_brand","embeddable":true,"href":"https:\/\/shop.grandhotelvilnius.com\/lt\/wp-json\/wp\/v2\/product_brand?post=807"},{"taxonomy":"product_cat","embeddable":true,"href":"https:\/\/shop.grandhotelvilnius.com\/lt\/wp-json\/wp\/v2\/product_cat?post=807"},{"taxonomy":"product_tag","embeddable":true,"href":"https:\/\/shop.grandhotelvilnius.com\/lt\/wp-json\/wp\/v2\/product_tag?post=807"}],"curies":[{"name":"wp","href":"https:\/\/api.w.org\/{rel}","templated":true}]}}