{"id":832,"date":"2025-10-28T09:26:46","date_gmt":"2025-10-28T09:26:46","guid":{"rendered":"https:\/\/internetiniusvetainiukurimas.eu\/hotelshop\/?post_type=product&#038;p=832"},"modified":"2026-03-22T21:03:56","modified_gmt":"2026-03-22T21:03:56","slug":"brunch-at-telegrafas-restaurant-lt","status":"publish","type":"product","link":"https:\/\/shop.grandhotelvilnius.com\/lt\/shop\/brunch-at-telegrafas-restaurant-lt\/","title":{"rendered":"V\u0117lyvieji pusry\u010diai \u201eTelegrafas\u201c restorane"},"content":{"rendered":"","protected":false},"excerpt":{"rendered":"<p data-start=\"253\" data-end=\"648\">V\u0117lyvieji pusry\u010diai su gyva pianino muzika ir neribotais burbuliukais.<\/p>\n<p data-start=\"253\" data-end=\"648\">Padovanokite patirt\u012f, kuri\u0105 nor\u0117sis kartoti.<br data-start=\"340\" data-end=\"343\" \/>Restorano \u201eTelegrafas\u201c ikoni\u0161kas \u201eBrunch\u201c \u2013 tai daugiau nei maistas. Tai l\u0117tas rytas su pianino muzika, taure putojan\u010dio ir gurmani\u0161kais skoniais, kurie d\u017eiugina visus poj\u016b\u010dius.<br data-start=\"524\" data-end=\"527\" \/>\u010cia susitinka gera nuotaika, \u0161venti\u0161ka atmosfera ir subtilus skoni\u0173 derinys \u2013 tobula akimirka sau ar brangiam \u017emogui.<\/p>\n<p data-start=\"440\" data-end=\"879\">","protected":false},"featured_media":791,"comment_status":"open","ping_status":"closed","template":"","meta":{"_acf_changed":false,"_gspb_post_css":"","_kad_blocks_custom_css":"","_kad_blocks_head_custom_js":"","_kad_blocks_body_custom_js":"","_kad_blocks_footer_custom_js":""},"product_brand":[],"product_cat":[19],"product_tag":[],"class_list":{"0":"post-832","1":"product","2":"type-product","3":"status-publish","4":"has-post-thumbnail","6":"product_cat-vouchers-lt","7":"wcpa_has_options","9":"first","10":"instock","11":"purchasable","12":"product-type-variable"},"acf":[],"taxonomy_info":{"product_cat":[{"value":19,"label":"Vouchers LT"}]},"featured_image_src_large":["https:\/\/shop.grandhotelvilnius.com\/wp-content\/uploads\/2025\/10\/a0e5aa38-d625-4ea4-8c16-05f0b3efbaf4-576x1024.jpeg",576,1024,true],"author_info":[],"comment_info":0,"_links":{"self":[{"href":"https:\/\/shop.grandhotelvilnius.com\/lt\/wp-json\/wp\/v2\/product\/832","targetHints":{"allow":["GET"]}}],"collection":[{"href":"https:\/\/shop.grandhotelvilnius.com\/lt\/wp-json\/wp\/v2\/product"}],"about":[{"href":"https:\/\/shop.grandhotelvilnius.com\/lt\/wp-json\/wp\/v2\/types\/product"}],"replies":[{"embeddable":true,"href":"https:\/\/shop.grandhotelvilnius.com\/lt\/wp-json\/wp\/v2\/comments?post=832"}],"wp:featuredmedia":[{"embeddable":true,"href":"https:\/\/shop.grandhotelvilnius.com\/lt\/wp-json\/wp\/v2\/media\/791"}],"wp:attachment":[{"href":"https:\/\/shop.grandhotelvilnius.com\/lt\/wp-json\/wp\/v2\/media?parent=832"}],"wp:term":[{"taxonomy":"product_brand","embeddable":true,"href":"https:\/\/shop.grandhotelvilnius.com\/lt\/wp-json\/wp\/v2\/product_brand?post=832"},{"taxonomy":"product_cat","embeddable":true,"href":"https:\/\/shop.grandhotelvilnius.com\/lt\/wp-json\/wp\/v2\/product_cat?post=832"},{"taxonomy":"product_tag","embeddable":true,"href":"https:\/\/shop.grandhotelvilnius.com\/lt\/wp-json\/wp\/v2\/product_tag?post=832"}],"curies":[{"name":"wp","href":"https:\/\/api.w.org\/{rel}","templated":true}]}}