{"id":843,"date":"2025-10-28T10:04:49","date_gmt":"2025-10-28T10:04:49","guid":{"rendered":"https:\/\/internetiniusvetainiukurimas.eu\/hotelshop\/?post_type=product&#038;p=843"},"modified":"2026-03-27T09:34:31","modified_gmt":"2026-03-27T09:34:31","slug":"tasting-dinner-at-telegrafas-restaurant-lt","status":"publish","type":"product","link":"https:\/\/shop.grandhotelvilnius.com\/lt\/shop\/tasting-dinner-at-telegrafas-restaurant-lt\/","title":{"rendered":"Degustacin\u0117 vakarien\u0117"},"content":{"rendered":"","protected":false},"excerpt":{"rendered":"<p data-start=\"225\" data-end=\"465\">Padovanokite i\u0161skirtin\u0119 <strong data-start=\"248\" data-end=\"270\">kulinarin\u0119 kelion\u0119<\/strong>, kur kiekvienas patiekalas tampa istorijos dalimi. Degustacin\u0117 vakarien\u0117 <strong data-start=\"344\" data-end=\"360\">\u201eTelegrafas\u201c<\/strong> restorane \u2013 tai harmoningas skoni\u0173, tekst\u016br\u0173 ir emocij\u0173 dialogas tarp \u0161efo k\u016brybos ir sezono \u012fkv\u0117pimo.<\/p>\n<p data-start=\"467\" data-end=\"727\">Kruop\u0161\u010diai atrinkti ingredientai, vietiniai produktai ir moderniai interpretuotos klasikos u\u017euominos sukuria patirt\u012f, kuri d\u017eiugina visus poj\u016b\u010dius. Kiekvienas patiekalas \u010dia \u2013 tarsi ma\u017eas meno k\u016brinys, atskleid\u017eiantis m\u016bs\u0173 \u0161efo filosofij\u0105 ir pagarb\u0105 skoniui.<\/p>\n<p data-start=\"729\" data-end=\"1042\">Papildyta <strong data-start=\"739\" data-end=\"766\">vyno derinimo patirtimi<\/strong>, \u0161i vakarien\u0117 kvie\u010dia pasim\u0117gauti harmonija tarp maisto ir vyno, o \u0161ilta, eleganti\u0161ka atmosfera su vaizdu \u012f Katedros aik\u0161t\u0119 paver\u010dia vakar\u0105 nepamir\u0161tamu.<br data-start=\"920\" data-end=\"923\" \/>Tai ne tik vakarien\u0117 \u2013 tai <strong data-start=\"950\" data-end=\"970\">atradim\u0173 vakaras<\/strong>, sukurtas tiems, kurie vertina subtilum\u0105, meistryst\u0119 ir i\u0161skirtinum\u0105.<\/p>\n<p data-start=\"225\" data-end=\"465\">Leiskit\u0117s \u012f i\u0161skirtin\u0119 <strong data-start=\"248\" data-end=\"270\">kulinarin\u0119 kelion\u0119<\/strong>, kur kiekvienas patiekalas tampa istorijos dalimi. Degustacin\u0117 vakarien\u0117 <strong data-start=\"344\" data-end=\"360\">\u201eTelegrafas\u201c<\/strong> restorane \u2013 tai harmoningas skoni\u0173, tekst\u016br\u0173 ir emocij\u0173 dialogas tarp \u0161efo k\u016brybos ir sezono \u012fkv\u0117pimo.<\/p>","protected":false},"featured_media":1863,"comment_status":"open","ping_status":"closed","template":"","meta":{"_acf_changed":false,"_gspb_post_css":"","_kad_blocks_custom_css":"","_kad_blocks_head_custom_js":"","_kad_blocks_body_custom_js":"","_kad_blocks_footer_custom_js":""},"product_brand":[],"product_cat":[19],"product_tag":[],"class_list":{"0":"post-843","1":"product","2":"type-product","3":"status-publish","4":"has-post-thumbnail","6":"product_cat-vouchers-lt","7":"wcpa_has_options","9":"first","10":"instock","11":"purchasable","12":"product-type-variable"},"acf":[],"taxonomy_info":{"product_cat":[{"value":19,"label":"Vouchers LT"}]},"featured_image_src_large":["https:\/\/shop.grandhotelvilnius.com\/wp-content\/uploads\/2025\/10\/20260310_185-e1774604165101-935x1024.jpeg",935,1024,true],"author_info":[],"comment_info":0,"_links":{"self":[{"href":"https:\/\/shop.grandhotelvilnius.com\/lt\/wp-json\/wp\/v2\/product\/843","targetHints":{"allow":["GET"]}}],"collection":[{"href":"https:\/\/shop.grandhotelvilnius.com\/lt\/wp-json\/wp\/v2\/product"}],"about":[{"href":"https:\/\/shop.grandhotelvilnius.com\/lt\/wp-json\/wp\/v2\/types\/product"}],"replies":[{"embeddable":true,"href":"https:\/\/shop.grandhotelvilnius.com\/lt\/wp-json\/wp\/v2\/comments?post=843"}],"wp:featuredmedia":[{"embeddable":true,"href":"https:\/\/shop.grandhotelvilnius.com\/lt\/wp-json\/wp\/v2\/media\/1863"}],"wp:attachment":[{"href":"https:\/\/shop.grandhotelvilnius.com\/lt\/wp-json\/wp\/v2\/media?parent=843"}],"wp:term":[{"taxonomy":"product_brand","embeddable":true,"href":"https:\/\/shop.grandhotelvilnius.com\/lt\/wp-json\/wp\/v2\/product_brand?post=843"},{"taxonomy":"product_cat","embeddable":true,"href":"https:\/\/shop.grandhotelvilnius.com\/lt\/wp-json\/wp\/v2\/product_cat?post=843"},{"taxonomy":"product_tag","embeddable":true,"href":"https:\/\/shop.grandhotelvilnius.com\/lt\/wp-json\/wp\/v2\/product_tag?post=843"}],"curies":[{"name":"wp","href":"https:\/\/api.w.org\/{rel}","templated":true}]}}