{"id":904,"date":"2025-10-30T11:05:16","date_gmt":"2025-10-30T11:05:16","guid":{"rendered":"https:\/\/internetiniusvetainiukurimas.eu\/hotelshop\/?post_type=product&#038;p=904"},"modified":"2026-01-15T15:10:42","modified_gmt":"2026-01-15T15:10:42","slug":"iconic-silk-sleep-mask-lt","status":"publish","type":"product","link":"https:\/\/shop.grandhotelvilnius.com\/lt\/shop\/iconic-silk-sleep-mask-lt\/","title":{"rendered":"Iconic \u0161ilkin\u0117 miego kauk\u0117"},"content":{"rendered":"","protected":false},"excerpt":{"rendered":"<p data-start=\"0\" data-end=\"244\">Atraskite tobula\u0328 prabangos ir poilsio harmonij\u0105 su m\u016bs\u0173 i\u0161skirtin\u0117mis \u0161ilkin\u0117mis miego kauk\u0117mis. Pagamintos i\u0161 auk\u0161\u010diausios kokyb\u0117s nat\u016bralaus \u0161ilko, jos \u0161velniai priglunda prie odos, u\u017etikrindamos gil\u0173, ram\u0173 mieg\u0105 ir neprilygstam\u0105 komfort\u0105.<\/p>\n<p data-start=\"246\" data-end=\"474\">Kiekviena kauk\u0117 \u2013 tai daugiau nei aksesuaras. Tai stiliaus ir poj\u016b\u010dio i\u0161rai\u0161ka. Vyri\u0161ki ir moteri\u0161ki modeliai, papuo\u0161ti subtiliais ikoniniais u\u017era\u0161ais, atspindi individualum\u0105 ir nesenstan\u010di\u0105 <strong data-start=\"437\" data-end=\"460\">Grand Hotel Vilnius<\/strong> elegancij\u0105.<\/p>\n<p data-start=\"476\" data-end=\"581\" data-is-last-node=\"\" data-is-only-node=\"\">Tobula dovana arba kasdienis sav\u0119s palepinimo ritualas \u2013 tai ne tiesiog miego kauk\u0117, o <strong data-start=\"563\" data-end=\"581\" data-is-last-node=\"\">poilsio ikona.<\/strong><\/p>","protected":false},"featured_media":898,"comment_status":"open","ping_status":"closed","template":"","meta":{"_acf_changed":false,"_gspb_post_css":"","_kad_blocks_custom_css":"","_kad_blocks_head_custom_js":"","_kad_blocks_body_custom_js":"","_kad_blocks_footer_custom_js":""},"product_brand":[],"product_cat":[20],"product_tag":[],"class_list":{"0":"post-904","1":"product","2":"type-product","3":"status-publish","4":"has-post-thumbnail","6":"product_cat-products-lt","8":"first","9":"instock","10":"purchasable","11":"product-type-variable"},"acf":[],"taxonomy_info":{"product_cat":[{"value":20,"label":"Products LT"}]},"featured_image_src_large":["https:\/\/shop.grandhotelvilnius.com\/wp-content\/uploads\/2025\/10\/GH-VILNIUS-00138-1-681x1024.jpg",681,1024,true],"author_info":[],"comment_info":0,"_links":{"self":[{"href":"https:\/\/shop.grandhotelvilnius.com\/lt\/wp-json\/wp\/v2\/product\/904","targetHints":{"allow":["GET"]}}],"collection":[{"href":"https:\/\/shop.grandhotelvilnius.com\/lt\/wp-json\/wp\/v2\/product"}],"about":[{"href":"https:\/\/shop.grandhotelvilnius.com\/lt\/wp-json\/wp\/v2\/types\/product"}],"replies":[{"embeddable":true,"href":"https:\/\/shop.grandhotelvilnius.com\/lt\/wp-json\/wp\/v2\/comments?post=904"}],"wp:featuredmedia":[{"embeddable":true,"href":"https:\/\/shop.grandhotelvilnius.com\/lt\/wp-json\/wp\/v2\/media\/898"}],"wp:attachment":[{"href":"https:\/\/shop.grandhotelvilnius.com\/lt\/wp-json\/wp\/v2\/media?parent=904"}],"wp:term":[{"taxonomy":"product_brand","embeddable":true,"href":"https:\/\/shop.grandhotelvilnius.com\/lt\/wp-json\/wp\/v2\/product_brand?post=904"},{"taxonomy":"product_cat","embeddable":true,"href":"https:\/\/shop.grandhotelvilnius.com\/lt\/wp-json\/wp\/v2\/product_cat?post=904"},{"taxonomy":"product_tag","embeddable":true,"href":"https:\/\/shop.grandhotelvilnius.com\/lt\/wp-json\/wp\/v2\/product_tag?post=904"}],"curies":[{"name":"wp","href":"https:\/\/api.w.org\/{rel}","templated":true}]}}